{"id":2182,"date":"2024-01-10T11:27:31","date_gmt":"2024-01-10T11:27:31","guid":{"rendered":"https:\/\/dev.vdtarn.fr\/actividades-de-ocio\/"},"modified":"2024-03-05T13:48:43","modified_gmt":"2024-03-05T13:48:43","slug":"actividades-de-ocio","status":"publish","type":"page","link":"https:\/\/vdtarn.fr\/es\/actividades-de-ocio\/","title":{"rendered":"Actividades de ocio"},"content":{"rendered":"\n<div class=\"wp-block-group is-vertical is-layout-flex wp-container-core-group-is-layout-5ec664e8 wp-block-group-is-layout-flex\" style=\"padding-bottom:var(--wp--preset--spacing--50)\" data-block-type=\"core\">\n<h2 class=\"wp-block-heading\">Descubra los parques de ocio cercanos al camping<\/h2>\n<\/div>\n\n<div class=\"wp-block-columns alignwide is-layout-flex wp-container-core-columns-is-layout-c617dbaa wp-block-columns-is-layout-flex\" style=\"padding-top:var(--wp--preset--spacing--40);padding-bottom:var(--wp--preset--spacing--40)\" data-block-type=\"core\">\n<div class=\"wp-block-column is-vertically-aligned-center is-layout-flow wp-block-column-is-layout-flow\" style=\"flex-basis:33.38%\" data-block-type=\"core\">\n<div class=\"wp-block-stackable-heading stk-block-heading stk-block-heading--v2 stk-block stk-a3ecc9e\" id=\"cap-decouverte\" data-block-id=\"a3ecc9e\"><style>.stk-a3ecc9e .stk-block-heading__text{color:#535446 !important}<\/style><h2 class=\"stk-block-heading__text has-text-color\">Cap d\u00e9couverte<\/h2><\/div>\n\n\n\n<p class=\"has-small-font-size\" data-block-type=\"core\">Cap D\u00e9couverte le da la bienvenida a sus 650 hect\u00e1reas en plena naturaleza. Aqu\u00ed encontrar\u00e1s un <strong>sinf\u00edn de actividades <\/strong>deportivas y de ocio para grandes y peque\u00f1os: Tirolina gigante, Paint-ball, Trineo sobre ra\u00edles, Skate Park, Telef\u00e9rico para esqu\u00ed acu\u00e1tico, Esqu\u00ed\/snowboard en pista sint\u00e9tica, Devalkart, Minikart, Bicicleta de monta\u00f1a&#8230;<\/p>\n<\/div>\n\n\n\n<div class=\"wp-block-column is-layout-flow wp-block-column-is-layout-flow\" style=\"flex-basis:33%\" data-block-type=\"core\">\n<div style=\"height:2vw\" aria-hidden=\"true\" class=\"wp-block-spacer\" data-block-type=\"core\"><\/div>\n\n\n\n<div class=\"wp-block-stackable-image stk-block-image has-text-align-left stk-block stk-b55591f\" data-block-id=\"b55591f\"><style>.stk-b55591f{border-top-left-radius:0px !important;border-top-right-radius:0px !important;border-bottom-right-radius:0px !important;border-bottom-left-radius:0px !important;overflow:hidden !important;box-shadow:15px 25px 58px 0px rgba(0,0,0,0.5) !important}.stk-b55591f .stk-img-wrapper{width:100% !important;height:500px !important}.stk-b55591f .stk-img-wrapper img{border-radius:0px !important}<\/style><figure><span class=\"stk-img-wrapper stk-image--shape-stretch\"><img loading=\"lazy\" decoding=\"async\" class=\"stk-img wp-image-461\" src=\"https:\/\/vdtarn.fr\/wp-content\/uploads\/2024\/01\/Cap_decouverte-__De_beaux_lents_demains-32491.jpg\" width=\"1200\" height=\"800\" alt=\"Centro de ocio cap D&#xE9;couverte\" srcset=\"https:\/\/vdtarn.fr\/wp-content\/uploads\/2024\/01\/Cap_decouverte-__De_beaux_lents_demains-32491.jpg 1200w, https:\/\/vdtarn.fr\/wp-content\/uploads\/2024\/01\/Cap_decouverte-__De_beaux_lents_demains-32491-300x200.jpg 300w, https:\/\/vdtarn.fr\/wp-content\/uploads\/2024\/01\/Cap_decouverte-__De_beaux_lents_demains-32491-1024x683.jpg 1024w, https:\/\/vdtarn.fr\/wp-content\/uploads\/2024\/01\/Cap_decouverte-__De_beaux_lents_demains-32491-768x512.jpg 768w, https:\/\/vdtarn.fr\/wp-content\/uploads\/2024\/01\/Cap_decouverte-__De_beaux_lents_demains-32491-500x333.jpg 500w, https:\/\/vdtarn.fr\/wp-content\/uploads\/2024\/01\/Cap_decouverte-__De_beaux_lents_demains-32491-800x533.jpg 800w\" sizes=\"auto, (max-width: 1200px) 100vw, 1200px\" \/><\/span><\/figure><\/div>\n<\/div>\n\n\n\n<div class=\"wp-block-column is-layout-flow wp-block-column-is-layout-flow\" style=\"flex-basis:33.62%\" data-block-type=\"core\">\n<div class=\"wp-block-stackable-image stk-block-image stk-block stk-b7a6d0b\" data-block-id=\"b7a6d0b\"><style>.stk-b7a6d0b{box-shadow:15px 25px 58px 0px rgba(0,0,0,0.5) !important}.stk-b7a6d0b .stk-img-wrapper{width:100% !important;height:480px !important}<\/style><figure><span class=\"stk-img-wrapper stk-image--shape-stretch\"><img loading=\"lazy\" decoding=\"async\" class=\"stk-img wp-image-463\" src=\"https:\/\/vdtarn.fr\/wp-content\/uploads\/2024\/01\/Activite_a_Cap_Decouverte-__De_beaux_lents_demains-32617.jpg\" width=\"900\" height=\"1200\" alt=\"Parque empresarial Cap D&#xE9;couverte\" srcset=\"https:\/\/vdtarn.fr\/wp-content\/uploads\/2024\/01\/Activite_a_Cap_Decouverte-__De_beaux_lents_demains-32617.jpg 900w, https:\/\/vdtarn.fr\/wp-content\/uploads\/2024\/01\/Activite_a_Cap_Decouverte-__De_beaux_lents_demains-32617-225x300.jpg 225w, https:\/\/vdtarn.fr\/wp-content\/uploads\/2024\/01\/Activite_a_Cap_Decouverte-__De_beaux_lents_demains-32617-768x1024.jpg 768w, https:\/\/vdtarn.fr\/wp-content\/uploads\/2024\/01\/Activite_a_Cap_Decouverte-__De_beaux_lents_demains-32617-500x667.jpg 500w, https:\/\/vdtarn.fr\/wp-content\/uploads\/2024\/01\/Activite_a_Cap_Decouverte-__De_beaux_lents_demains-32617-800x1067.jpg 800w\" sizes=\"auto, (max-width: 900px) 100vw, 900px\" \/><\/span><\/figure><\/div>\n<\/div>\n<\/div>\n\n<div class=\"wp-block-group alignfull has-secondary-background-color has-background has-global-padding is-content-justification-center is-layout-constrained wp-block-group-is-layout-constrained\" data-block-type=\"core\">\n<div class=\"wp-block-stackable-feature alignwide stk-block-feature stk-block stk-0e40e19 stk-block-background alignfull is-style-default\" data-v=\"2\" data-block-id=\"0e40e19\"><style>.stk-0e40e19{background-color:#535446 !important;border-top-left-radius:0px !important;border-top-right-radius:0px !important;border-bottom-right-radius:0px !important;border-bottom-left-radius:0px !important;overflow:hidden !important;box-shadow:none !important;max-width:1250px !important;padding-top:30px !important;padding-bottom:30px !important;margin-right:auto !important;margin-left:auto !important}.stk-0e40e19:before{background-color:#535446 !important}<\/style><div class=\"stk-content-align stk-0e40e19-column alignwide stk-container stk-0e40e19-container stk--no-background stk--no-padding\"><div class=\"stk-inner-blocks has-text-align-left stk-block-content stk-row\">\n<div class=\"wp-block-stackable-column stk-block-column stk-column stk-block stk-d89a6ee\" data-v=\"4\" data-block-id=\"d89a6ee\"><style>.stk-d89a6ee{align-self:center !important}<\/style><div class=\"stk-column-wrapper stk-block-column__content stk-container stk-d89a6ee-container stk--no-background stk--no-padding\"><div class=\"stk-block-content stk-inner-blocks stk-d89a6ee-inner-blocks\">\n<div class=\"wp-block-stackable-image stk-block-image stk-block stk-9eb626f\" data-block-id=\"9eb626f\"><style>.stk-9eb626f .stk-img-wrapper{width:100% !important;height:450px !important;filter:drop-shadow(0px 0px 26px rgba(83,84,70,0.5)) !important;--stk-gradient-overlay:0.3 !important}.stk-9eb626f .stk-img-wrapper img{object-position:30% 62% !important}.stk-9eb626f .stk-img-wrapper img,.stk-9eb626f .stk-img-wrapper::after,.stk-9eb626f .stk-img-wrapper::before{mask-image:url('data:image\/svg+xml;base64,PHN2ZyB4bWxucz0iaHR0cDovL3d3dy53My5vcmcvMjAwMC9zdmciIHZpZXdCb3g9IjAgMCA2MDAgNjAwIiBwcmVzZXJ2ZUFzcGVjdFJhdGlvPSJub25lIj48cGF0aCBkPSJNNTU1IDY5LjZjNTcuNiA3MC40IDU2LjIgMjA4LjMgMTYuOSAyOTkuOC0zOS4zIDkxLjYtMTE2LjIgMTM2LjgtMTczLjggMTY3LjItNTcuNCAzMC42LTk1LjYgNDYuMy0xNDIuMiA1Ni4yLTQ2LjUgOS45LTEwMS4zIDE0LTEzNS42LTE2LjYtMzQuMi0zMC42LTQ3LjgtOTUuMy03NC41LTE5MkMxOC45IDI4Ny42LTIxIDE1OS4xIDEzLjIgODkgNDcuNCAxOC42IDE1NS45IDYuMyAyNjguMyAxLjZjMTEyLjUtNSAyMjktMi40IDI4Ni43IDY4eiI+PC9wYXRoPjwvc3ZnPg==') !important;-webkit-mask-image:url('data:image\/svg+xml;base64,PHN2ZyB4bWxucz0iaHR0cDovL3d3dy53My5vcmcvMjAwMC9zdmciIHZpZXdCb3g9IjAgMCA2MDAgNjAwIiBwcmVzZXJ2ZUFzcGVjdFJhdGlvPSJub25lIj48cGF0aCBkPSJNNTU1IDY5LjZjNTcuNiA3MC40IDU2LjIgMjA4LjMgMTYuOSAyOTkuOC0zOS4zIDkxLjYtMTE2LjIgMTM2LjgtMTczLjggMTY3LjItNTcuNCAzMC42LTk1LjYgNDYuMy0xNDIuMiA1Ni4yLTQ2LjUgOS45LTEwMS4zIDE0LTEzNS42LTE2LjYtMzQuMi0zMC42LTQ3LjgtOTUuMy03NC41LTE5MkMxOC45IDI4Ny42LTIxIDE1OS4xIDEzLjIgODkgNDcuNCAxOC42IDE1NS45IDYuMyAyNjguMyAxLjZjMTEyLjUtNSAyMjktMi40IDI4Ni43IDY4eiI+PC9wYXRoPjwvc3ZnPg==') !important}<\/style><figure><span class=\"stk-img-wrapper stk-img--shape stk-image--shape-stretch\"><img loading=\"lazy\" decoding=\"async\" class=\"stk-img wp-image-40\" src=\"https:\/\/vdtarn.fr\/wp-content\/uploads\/2023\/12\/Calque-21.jpg\" width=\"800\" height=\"498\" alt=\"animales de granja en el camping\" srcset=\"https:\/\/vdtarn.fr\/wp-content\/uploads\/2023\/12\/Calque-21.jpg 800w, https:\/\/vdtarn.fr\/wp-content\/uploads\/2023\/12\/Calque-21-300x187.jpg 300w, https:\/\/vdtarn.fr\/wp-content\/uploads\/2023\/12\/Calque-21-768x478.jpg 768w\" sizes=\"auto, (max-width: 800px) 100vw, 800px\" \/><\/span><\/figure><\/div>\n<\/div><\/div><\/div>\n\n\n\n<div class=\"wp-block-stackable-column stk-block-column stk-column stk-block stk-ad3b1e6\" data-v=\"4\" data-block-id=\"ad3b1e6\"><style>.stk-ad3b1e6{align-self:center !important}<\/style><div class=\"stk-column-wrapper stk-block-column__content stk-container stk-ad3b1e6-container stk--no-background stk--no-padding\"><div class=\"stk-block-content stk-inner-blocks stk-ad3b1e6-inner-blocks\">\n<div class=\"wp-block-group has-global-padding is-content-justification-left is-layout-constrained wp-container-core-group-is-layout-1ad27c61 wp-block-group-is-layout-constrained\" style=\"padding-right:0;padding-left:0\" data-block-type=\"core\">\n<div class=\"wp-block-stackable-heading stk-block-heading stk-block-heading--v2 stk-block stk-efe1326\" id=\"cap-decouverte\" data-block-id=\"efe1326\"><style>.stk-efe1326 .stk-block-heading__text{color:#e5e6d8 !important}<\/style><h2 class=\"stk-block-heading__text has-text-color\">Cap D\u00e9couverte<\/h2><\/div>\n\n\n\n<p class=\"has-primary-color has-text-color has-link-color has-small-font-size wp-elements-b2649382b9144f05d21d2249270b7557\" data-block-type=\"core\">A los pies de la ciudad medieval de Lautrec, grandes y peque\u00f1os disfrutar\u00e1n de este <strong>refrescante ba\u00f1o en plena naturaleza<\/strong>.  <br\/><br\/>Nataci\u00f3n vigilada, piscina infantil, piscina para ni\u00f1os, piscina, toboganes acu\u00e1ticos, minigolf, zonas de juego comunitarias, bolera, pista de fitness, zonas de picnic a la sombra, pesca, bar y establecimientos de comida r\u00e1pida.<\/p>\n<\/div>\n<\/div><\/div><\/div>\n<\/div><\/div><\/div>\n<\/div>\n\n<div class=\"wp-block-columns alignwide is-layout-flex wp-container-core-columns-is-layout-c617dbaa wp-block-columns-is-layout-flex\" style=\"padding-top:var(--wp--preset--spacing--40);padding-bottom:var(--wp--preset--spacing--40)\" data-block-type=\"core\">\n<div class=\"wp-block-column is-vertically-aligned-center is-layout-flow wp-block-column-is-layout-flow\" style=\"flex-basis:33.38%\" data-block-type=\"core\">\n<div class=\"wp-block-stackable-heading stk-block-heading stk-block-heading--v2 stk-block stk-8a11177\" id=\"base-de-loisirs-saint-pierre-de-trivisy\" data-block-id=\"8a11177\"><h2 class=\"stk-block-heading__text\">Centro de ocio Saint Pierre de Trivisy<\/h2><\/div>\n\n\n\n<p class=\"has-small-font-size\" data-block-type=\"core\">\u00a1Aut\u00e9ntica aventura! <strong>135 juegos<\/strong> con bonus como la tirolina de 200 m, el salto de Tarz\u00e1n, los bastones de equilibrio suspendidos, los estribos suspendidos y la bicicleta de \u00e1rbol.<\/p>\n\n\n\n<p class=\"has-small-font-size\" data-block-type=\"core\">Juegos de equilibrio totalmente asegurados por una enorme hoja de redes de aterrizaje. No necesitas arn\u00e9s ni mosquetones y puedes moverte libremente.<\/p>\n\n\n\n<p class=\"has-small-font-size\" data-block-type=\"core\"><strong>AirBag Aventure :<\/strong> Desde nuestra torre de salto, salta a este enorme coj\u00edn hinchable. Sensaciones garantizadas.<\/p>\n\n\n\n<p class=\"has-small-font-size\" data-block-type=\"core\"><strong>Puenting: <\/strong>Atr\u00e9vase a dar el salto&#8230; y descubra la emoci\u00f3n del puenting desde lo alto de la torre con nuestro equipo de profesionales.  <\/p>\n\n\n\n<p class=\"has-small-font-size\" data-block-type=\"core\">Un momento \u00fanico e inolvidable.<\/p>\n<\/div>\n\n\n\n<div class=\"wp-block-column is-layout-flow wp-block-column-is-layout-flow\" style=\"flex-basis:33%\" data-block-type=\"core\">\n<div style=\"height:2vw\" aria-hidden=\"true\" class=\"wp-block-spacer\" data-block-type=\"core\"><\/div>\n\n\n\n<div class=\"wp-block-stackable-image stk-block-image has-text-align-left stk-block stk-311924e\" data-block-id=\"311924e\"><style>.stk-311924e{border-top-left-radius:0px !important;border-top-right-radius:0px !important;border-bottom-right-radius:0px !important;border-bottom-left-radius:0px !important;overflow:hidden !important;box-shadow:15px 25px 58px 0px rgba(0,0,0,0.5) !important}.stk-311924e .stk-img-wrapper{width:100% !important;height:500px !important}.stk-311924e .stk-img-wrapper img{border-radius:0px !important}<\/style><figure><span class=\"stk-img-wrapper stk-image--shape-stretch\"><img loading=\"lazy\" decoding=\"async\" class=\"stk-img wp-image-1741\" src=\"https:\/\/vdtarn.fr\/wp-content\/uploads\/2024\/02\/9603542-diaporama.jpg\" width=\"1600\" height=\"1067\" alt=\"animales de granja en el camping\" srcset=\"https:\/\/vdtarn.fr\/wp-content\/uploads\/2024\/02\/9603542-diaporama.jpg 1600w, https:\/\/vdtarn.fr\/wp-content\/uploads\/2024\/02\/9603542-diaporama-300x200.jpg 300w, https:\/\/vdtarn.fr\/wp-content\/uploads\/2024\/02\/9603542-diaporama-1024x683.jpg 1024w, https:\/\/vdtarn.fr\/wp-content\/uploads\/2024\/02\/9603542-diaporama-768x512.jpg 768w, https:\/\/vdtarn.fr\/wp-content\/uploads\/2024\/02\/9603542-diaporama-1536x1024.jpg 1536w, https:\/\/vdtarn.fr\/wp-content\/uploads\/2024\/02\/9603542-diaporama-500x333.jpg 500w, https:\/\/vdtarn.fr\/wp-content\/uploads\/2024\/02\/9603542-diaporama-800x534.jpg 800w, https:\/\/vdtarn.fr\/wp-content\/uploads\/2024\/02\/9603542-diaporama-1280x854.jpg 1280w\" sizes=\"auto, (max-width: 1600px) 100vw, 1600px\" \/><\/span><\/figure><\/div>\n<\/div>\n\n\n\n<div class=\"wp-block-column is-layout-flow wp-block-column-is-layout-flow\" style=\"flex-basis:33.62%\" data-block-type=\"core\">\n<div class=\"wp-block-stackable-image stk-block-image stk-block stk-a2c325d\" data-block-id=\"a2c325d\"><style>.stk-a2c325d{box-shadow:15px 25px 58px 0px rgba(0,0,0,0.5) !important}.stk-a2c325d .stk-img-wrapper{width:100% !important;height:480px !important}<\/style><figure><span class=\"stk-img-wrapper stk-image--shape-stretch\"><img loading=\"lazy\" decoding=\"async\" class=\"stk-img wp-image-1745\" src=\"https:\/\/vdtarn.fr\/wp-content\/uploads\/2024\/02\/9603544-diaporama.jpg\" width=\"1300\" height=\"861\" alt=\"animales de granja en el camping\" srcset=\"https:\/\/vdtarn.fr\/wp-content\/uploads\/2024\/02\/9603544-diaporama.jpg 1300w, https:\/\/vdtarn.fr\/wp-content\/uploads\/2024\/02\/9603544-diaporama-300x199.jpg 300w, https:\/\/vdtarn.fr\/wp-content\/uploads\/2024\/02\/9603544-diaporama-1024x678.jpg 1024w, https:\/\/vdtarn.fr\/wp-content\/uploads\/2024\/02\/9603544-diaporama-768x509.jpg 768w, https:\/\/vdtarn.fr\/wp-content\/uploads\/2024\/02\/9603544-diaporama-500x331.jpg 500w, https:\/\/vdtarn.fr\/wp-content\/uploads\/2024\/02\/9603544-diaporama-800x530.jpg 800w, https:\/\/vdtarn.fr\/wp-content\/uploads\/2024\/02\/9603544-diaporama-1280x848.jpg 1280w\" sizes=\"auto, (max-width: 1300px) 100vw, 1300px\" \/><\/span><\/figure><\/div>\n<\/div>\n<\/div>\n\n<div class=\"wp-block-stackable-image aligncenter stk-block-image has-text-align-center stk-block stk-3212770\" data-block-id=\"3212770\"><style>.stk-3212770{align-items:center !important;max-width:150px !important;margin-top:30px !important;margin-right:auto !important;margin-bottom:30px !important;margin-left:auto !important;display:flex !important}<\/style><figure><span class=\"stk-img-wrapper stk-image--shape-stretch\"><img loading=\"lazy\" decoding=\"async\" class=\"stk-img wp-image-311\" src=\"https:\/\/vdtarn.fr\/wp-content\/uploads\/2024\/01\/lavender.png\" width=\"200\" height=\"83\"\/><\/span><\/figure><\/div>\n","protected":false},"excerpt":{"rendered":"<p>Descubra los parques de ocio cercanos al camping Cap d\u00e9couverte Cap D\u00e9couverte le da la bienvenida a sus 650 hect\u00e1reas en plena naturaleza. Aqu\u00ed encontrar\u00e1s un sinf\u00edn de actividades deportivas y de ocio para grandes y peque\u00f1os: Tirolina gigante, Paint-ball, Trineo sobre ra\u00edles, Skate Park, Telef\u00e9rico para esqu\u00ed acu\u00e1tico, Esqu\u00ed\/snowboard en pista sint\u00e9tica, Devalkart, Minikart, [&hellip;]<\/p>\n","protected":false},"author":1,"featured_media":1989,"parent":0,"menu_order":0,"comment_status":"closed","ping_status":"closed","template":"","meta":{"_acf_changed":false,"_seopress_robots_primary_cat":"","_seopress_titles_title":"Camping cerca de los parques de ocio del Tarn","_seopress_titles_desc":"Nuestro camping est\u00e1 situado cerca de los parques de ocio del Tarn. Descubra Cap D\u00e9couverte o el centro de ocio Saint Pierre de Trivisy.","_seopress_robots_index":"","_vp_format_video_url":"","_vp_image_focal_point":[],"footnotes":""},"class_list":["post-2182","page","type-page","status-publish","has-post-thumbnail","hentry"],"acf":[],"_links":{"self":[{"href":"https:\/\/vdtarn.fr\/es\/wp-json\/wp\/v2\/pages\/2182","targetHints":{"allow":["GET"]}}],"collection":[{"href":"https:\/\/vdtarn.fr\/es\/wp-json\/wp\/v2\/pages"}],"about":[{"href":"https:\/\/vdtarn.fr\/es\/wp-json\/wp\/v2\/types\/page"}],"author":[{"embeddable":true,"href":"https:\/\/vdtarn.fr\/es\/wp-json\/wp\/v2\/users\/1"}],"replies":[{"embeddable":true,"href":"https:\/\/vdtarn.fr\/es\/wp-json\/wp\/v2\/comments?post=2182"}],"version-history":[{"count":3,"href":"https:\/\/vdtarn.fr\/es\/wp-json\/wp\/v2\/pages\/2182\/revisions"}],"predecessor-version":[{"id":2206,"href":"https:\/\/vdtarn.fr\/es\/wp-json\/wp\/v2\/pages\/2182\/revisions\/2206"}],"wp:featuredmedia":[{"embeddable":true,"href":"https:\/\/vdtarn.fr\/es\/wp-json\/wp\/v2\/media\/1989"}],"wp:attachment":[{"href":"https:\/\/vdtarn.fr\/es\/wp-json\/wp\/v2\/media?parent=2182"}],"curies":[{"name":"wp","href":"https:\/\/api.w.org\/{rel}","templated":true}]}}