{"id":2226,"date":"2024-01-09T14:44:30","date_gmt":"2024-01-09T14:44:30","guid":{"rendered":"https:\/\/dev.vdtarn.fr\/terms-of-use\/"},"modified":"2024-03-05T13:48:58","modified_gmt":"2024-03-05T13:48:58","slug":"terms-of-use","status":"publish","type":"page","link":"https:\/\/vdtarn.fr\/en\/terms-of-use\/","title":{"rendered":"Terms of use"},"content":{"rendered":"\n<div class=\"wp-block-group is-vertical is-layout-flex wp-container-core-group-is-layout-5ec664e8 wp-block-group-is-layout-flex\" style=\"padding-bottom:var(--wp--preset--spacing--50)\" data-block-type=\"core\">\n<h2 class=\"wp-block-heading\">Who we are<\/h2>\n<\/div>\n\n<div class=\"wp-block-columns is-layout-flex wp-container-core-columns-is-layout-28f84493 wp-block-columns-is-layout-flex\" data-block-type=\"core\">\n<div class=\"wp-block-column is-layout-flow wp-block-column-is-layout-flow\" data-block-type=\"core\">\n<p data-block-type=\"core\"><strong>Publisher<\/strong><br\/>SAS DOMAINE DE LA VALLEE DU TARN<\/p>\n\n\n\n<p data-block-type=\"core\">819 679 952 R.C.S. ALBI<br\/>Head office: HAMEAU DES VIGNES &#8211; ROXIS, 81340 SAINT-CIRGUE<br\/>Telephone number: 05 63 45 56 82<br\/>E-mail: contact@vdtarn.fr<br\/><br\/><strong>Publishing Director<\/strong><br\/>Ms Sicard<\/p>\n<\/div>\n\n\n\n<div class=\"wp-block-column is-layout-flow wp-block-column-is-layout-flow\" data-block-type=\"core\">\n<p data-block-type=\"core\"><strong>Technical &amp; Graphic Design :<\/strong><br\/>SEV \/ Ouest-Communication.com<br\/>123 Bd Louis Blanc, Hall 2  <br\/>85000 La Roche sur Yon<br\/>Tel. : 02 51 20 30 40<br\/>E-mail: <a href=\"mailto:info@ouest-communication.com\" target=\"_blank\" rel=\"noreferrer noopener\">info@ouest-communication.com<\/a><br\/>Website: https: <a href=\"https:\/\/www.ouest-communication.com\/\" target=\"_blank\" rel=\"noreferrer noopener\">\/\/www.ouest-communication.com\/<\/a><\/p>\n\n\n\n<p data-block-type=\"core\"><strong>Site hosting :<\/strong><br\/>OVH<br\/>2 rue Kellermann<br\/>59100 Roubaix<br\/><\/p>\n<\/div>\n<\/div>\n\n<p data-block-type=\"core\"><br\/><strong>Use of personal data collected<br\/><\/strong>Your personal data will only be used within the framework of the commercial relationship between you and the publisher &#8220;SAS DOMAINE DE LA VALLEE DU TARN&#8221;. Unless you explicitly agree otherwise, your data will not be transmitted to third parties.<\/p>\n\n<p data-block-type=\"core\">Contact forms<br\/>The information collected by the forms is recorded in a computerized file within the framework of a request for information and of the commercial relation which can ensue from it. You can exercise your right to access your personal data by using the form provided.<\/p>\n\n<p data-block-type=\"core\">Cookies<br\/>If you leave a comment on our site, you will be asked to save your name, e-mail address and website in cookies. This is for your convenience only, so that you don&#8217;t have to enter this information if you post another comment later. These cookies expire after one year.<\/p>\n\n<p data-block-type=\"core\">If you have an account and log on to this site, a temporary cookie will be created to determine whether your browser accepts cookies. It does not contain any personal data and will be deleted automatically when you close your browser.<\/p>\n\n<p data-block-type=\"core\">For statistical purposes, this site uses cookies to collect information about the pages you have visited. In particular, they store anonymous information about your geographical position, your browser, etc.<\/p>\n\n<p data-block-type=\"core\">Media<br\/>If you are a registered user uploading images to the website, we advise you to avoid uploading images containing EXIF data of GPS coordinates. Visitors to your website can download and extract location data from these images.<\/p>\n\n<p data-block-type=\"core\">Embedded content from other sites<br\/>Articles on this site may include embedded content (e.g. videos, images, articles, etc.). Content integrated from other sites behaves in the same way as if the visitor were visiting that other site.<\/p>\n\n<p data-block-type=\"core\">These websites may collect data about you, use cookies, embed third-party tracking tools, track your interactions with these embedded contents if you have a logged-in account on their website.<\/p>\n\n<p data-block-type=\"core\"><strong>Data storage periods<br\/><\/strong>If you leave a comment, the comment and its metadata are stored indefinitely. This allows subsequent comments to be automatically recognized and approved instead of being left in the moderation queue.<\/p>\n\n<p data-block-type=\"core\">For users who register on our site (where possible), we also store the personal data indicated in their profile. All users can view, modify or delete their personal information at any time (with the exception of their username). Site managers can also view and modify this information.<\/p>\n\n<p data-block-type=\"core\"><strong>Your rights regarding your data<br\/><\/strong>If you have an account or have left comments on the site, you can request to receive a file containing all the personal data we hold about you, including that which you have provided to us. You can also request the deletion of your personal data. This does not include data stored for administrative, legal or security purposes.<\/p>\n\n<p data-block-type=\"core\">The personal information we collect is intended to better respond to and process your reservations. You have the right to access, modify and delete your personal information at any time by simple request.<\/p>\n\n<p data-block-type=\"core\"><strong>Mediation<br\/><\/strong>In accordance with article L. 152-1 of the French Consumer Code, you can contact the CM2C mediation service free of charge by e-mail: https:\/\/www.cm2c.net\/<br\/>or by post: CM2C &#8211; 14 rue Saint Jean &#8211; 75017 PARIS<\/p>\n\n<p data-block-type=\"core\"><strong>Photo credits  <\/strong><br\/>ChristianRIVIERE<br\/>VIJOROVIC Daniel<br\/>\u00a9CASSIAU Gregory<br\/>GALAUP Laurent  <br\/>BOUTH\u00c9 Christophe<br\/>\u00a9VIET Dominique<br\/>\u00a9Olivier Octobre<br\/>\u00a9Fr\u00e9d\u00e9rique Hughes<br\/>This photo library is subject to copyright, please indicate. Forbidden to use for any space purchase.<br\/><\/p>\n","protected":false},"excerpt":{"rendered":"<p>Who we are PublisherSAS DOMAINE DE LA VALLEE DU TARN 819 679 952 R.C.S. ALBIHead office: HAMEAU DES VIGNES &#8211; ROXIS, 81340 SAINT-CIRGUETelephone number: 05 63 45 56 82E-mail: contact@vdtarn.fr Publishing DirectorMs Sicard Technical &amp; Graphic Design :SEV \/ Ouest-Communication.com123 Bd Louis Blanc, Hall 2 85000 La Roche sur YonTel. : 02 51 20 30 [&hellip;]<\/p>\n","protected":false},"author":1,"featured_media":1719,"parent":0,"menu_order":0,"comment_status":"closed","ping_status":"closed","template":"","meta":{"_acf_changed":false,"_seopress_robots_primary_cat":"","_seopress_titles_title":"entions l\u00e9gales | Camping le Domaine de la Vall\u00e9e du Tarn","_seopress_titles_desc":"Who we are Find out all about Domaine de la Vall\u00e9e du Tarn.  ","_seopress_robots_index":"","_vp_format_video_url":"","_vp_image_focal_point":[],"footnotes":""},"class_list":["post-2226","page","type-page","status-publish","has-post-thumbnail","hentry"],"acf":[],"_links":{"self":[{"href":"https:\/\/vdtarn.fr\/en\/wp-json\/wp\/v2\/pages\/2226","targetHints":{"allow":["GET"]}}],"collection":[{"href":"https:\/\/vdtarn.fr\/en\/wp-json\/wp\/v2\/pages"}],"about":[{"href":"https:\/\/vdtarn.fr\/en\/wp-json\/wp\/v2\/types\/page"}],"author":[{"embeddable":true,"href":"https:\/\/vdtarn.fr\/en\/wp-json\/wp\/v2\/users\/1"}],"replies":[{"embeddable":true,"href":"https:\/\/vdtarn.fr\/en\/wp-json\/wp\/v2\/comments?post=2226"}],"version-history":[{"count":1,"href":"https:\/\/vdtarn.fr\/en\/wp-json\/wp\/v2\/pages\/2226\/revisions"}],"predecessor-version":[{"id":2239,"href":"https:\/\/vdtarn.fr\/en\/wp-json\/wp\/v2\/pages\/2226\/revisions\/2239"}],"wp:featuredmedia":[{"embeddable":true,"href":"https:\/\/vdtarn.fr\/en\/wp-json\/wp\/v2\/media\/1719"}],"wp:attachment":[{"href":"https:\/\/vdtarn.fr\/en\/wp-json\/wp\/v2\/media?parent=2226"}],"curies":[{"name":"wp","href":"https:\/\/api.w.org\/{rel}","templated":true}]}}